{"id":2418,"date":"2020-09-23T11:39:40","date_gmt":"2020-09-23T09:39:40","guid":{"rendered":"https:\/\/www.filtomatic.com\/?page_id=2418"},"modified":"2026-02-06T17:10:56","modified_gmt":"2026-02-06T16:10:56","slug":"zertifizierung","status":"publish","type":"page","link":"https:\/\/www.filtomatic.com\/de\/zertifizierung\/","title":{"rendered":"Zertifizierung"},"content":{"rendered":"\r\n<p><strong>Filtomatic und Zertifizierungen:<\/strong><br \/>Filtomatic Fasteners S.r.l. ist ein seit 1999 nach internationalem Standard zertifiziertes Unternehmen:<\/p>\r\n\r\n\r\n\r\n<p><a href=\"https:\/\/www.filtomatic.com\/wp-content\/uploads\/2024\/02\/FILTOMATIC-FASTENERS-SRL_1549_30012024.pdf\" target=\"_blank\" rel=\"noopener\"><strong>UNI EN ISO 9001:2015 nr. 1549 <\/strong><\/a><\/p>\r\n<p><a href=\"https:\/\/www.filtomatic.com\/wp-content\/uploads\/2024\/02\/FILTOMATIC-FASTENERS-SRL_IT132759_30012024.pdf\" target=\"_blank\" rel=\"noopener\"><strong>UNI EN ISO 9001:2015 nr. IT132759\u00a0<\/strong><\/a><\/p>\r\n\r\n\r\n\r\n<p>Dieses prestigetr\u00e4chtige Ergebnis, das dank des st\u00e4ndigen Engagements aller Unternehmensleiter erzielt wurde, erm\u00f6glicht es uns, einen Service zu garantieren, der zunehmend auf die vollst\u00e4ndige Kundenzufriedenheit abzielt und der dank eines kontinuierlichen Verbesserungsprozesses erzielt werden kann.<\/p>\r\n\r\n\r\n\r\n<p class=\"has-medium-font-size\"><strong>Filtomatic und Kontrollen w\u00e4hrend des Produktionsprozesses<\/strong><\/p>\r\n\r\n\r\n\r\n<p>Die durchgef\u00fchrten \u00dcberpr\u00fcfungen:<\/p>\r\n\r\n\r\n\r\n<ul class=\"wp-block-list\">\r\n<li>in Akzeptanz;<\/li>\r\n\r\n\r\n\r\n<li>w\u00e4hrend des Produktionszyklus;<\/li>\r\n\r\n\r\n\r\n<li>am Ende des Prozesses;<\/li>\r\n<\/ul>\r\n\r\n\r\n\r\n<p>Sie werden nach konsolidierten Verfahren durchgef\u00fchrt und verwenden Werkzeuge zur automatischen Fehlererkennung. Dadurch k\u00f6nnen wir das Risiko der Herstellung nicht konformer Teile auf ein Minimum reduzieren und so das \u00fcbliche Qualit\u00e4tsniveau garantieren, das Filtomatic-Produkte auf dem Weltmarkt f\u00fcr kleine Metallteile seit Jahren auszeichnet .<\/p>\r\n\r\n\r\n\r\n<p class=\"has-medium-font-size\"><strong>Filtomatic und Lieferanten<\/strong><\/p>\r\n\r\n\r\n\r\n<p>Filtomatic Fasteners S.r.l. verwendet nur bewertete Lieferanten, die sich im Laufe der Jahre als \u00e4u\u00dferst zuverl\u00e4ssig erwiesen haben.<br \/>Insbesondere f\u00fcr Produkte, die als besonders kritisch eingestuft werden (Lieferung von Rohmaterial f\u00fcr zur\u00fcckzufordernde Teile, Material f\u00fcr die Herstellung von Superlegierungsteilen), werden nur Lieferanten mit einem zertifizierten Qualit\u00e4tssystem nach international anerkannten Standards ber\u00fccksichtigt.<\/p>\r\n\r\n\r\n\r\n<p>Filtomatic und Kunden:<br \/>Alle Aktivit\u00e4ten von Filtomatic Fasteners S.r.l. Sie zielen darauf ab, die volle Kundenzufriedenheit zu erreichen.<br \/>Filtomatic Fasteners S.r.l. In der Tat wird der Grad der Kundenzufriedenheit kontinuierlich \u00fcberwacht und die empfangenen Beobachtungen in Eingabeelemente umgewandelt, wobei alle Aktivit\u00e4ten ausgef\u00fchrt werden, um sicherzustellen, dass das Ausgabeelement und damit die erbrachte Dienstleistung vorhanden sind ein qualitatives Niveau des absoluten Wertes.<\/p>\r\n\r\n\r\n\r\n<p class=\"has-medium-font-size\"><strong>Filtomatic- und Support-Services<\/strong><\/p>\r\n\r\n\r\n\r\n<p>Filtomatic Fasteners S.r.l. ist dank der garantierten R\u00fcckverfolgbarkeit aller seiner Teile in der Lage, Konformit\u00e4tserkl\u00e4rungen in Bezug auf Folgendes abzugeben:<\/p>\r\n\r\n\r\n\r\n<ul class=\"wp-block-list\">\r\n<li>die Ma\u00dfmerkmale des gelieferten Produkts;<\/li>\r\n\r\n\r\n\r\n<li>die chemischen \/ mechanischen Eigenschaften des zur Herstellung der Teile verwendeten Materials.<\/li>\r\n<\/ul>\r\n\r\n\r\n\r\n<p>Es ist auch in der Lage, detaillierte technische Datenbl\u00e4tter f\u00fcr das jeweilige Teil in Bezug auf Komponenten f\u00fcr Elektromotoren (Ausgleichsringe &#8211; LMKAS) bereitzustellen.<\/p>\r\n<p>&nbsp;<\/p>\r\n<p>&nbsp;<\/p>\r\n<p><\/p>\r\n<div class=\"kt-btn-wrap kt-btn-wrap-0\"><a href=\"https:\/\/www.filtomatic.com\/wp-content\/uploads\/2024\/02\/FILTOMATIC-FASTENERS-SRL_IT132759_30012024.pdf\"><img loading=\"lazy\" decoding=\"async\" class=\"wp-image-3109 alignright\" src=\"https:\/\/www.filtomatic.com\/wp-content\/uploads\/2025\/04\/IQNET-500x500.png\" alt=\"\" width=\"295\" height=\"295\" srcset=\"https:\/\/www.filtomatic.com\/wp-content\/uploads\/2025\/04\/IQNET-500x500.png 500w, https:\/\/www.filtomatic.com\/wp-content\/uploads\/2025\/04\/IQNET-300x300.png 300w, https:\/\/www.filtomatic.com\/wp-content\/uploads\/2025\/04\/IQNET-768x768.png 768w, https:\/\/www.filtomatic.com\/wp-content\/uploads\/2025\/04\/IQNET.png 841w\" sizes=\"auto, (max-width: 295px) 100vw, 295px\" \/><\/a><a href=\"https:\/\/www.filtomatic.com\/wp-content\/uploads\/2024\/02\/FILTOMATIC-FASTENERS-SRL_1549_30012024.pdf\" target=\"_blank\" rel=\"noopener\"><img loading=\"lazy\" decoding=\"async\" class=\"wp-image-2778 size-medium alignnone\" src=\"https:\/\/www.filtomatic.com\/wp-content\/uploads\/2024\/02\/Logo-9001-1.png\" alt=\"\" width=\"500\" height=\"415\" \/><\/a><\/div>\r\n<!-- \/wp:post-content -->\r\n<p>&nbsp;<\/p>","protected":false},"excerpt":{"rendered":"<p>Filtomatic und Zertifizierungen:Filtomatic Fasteners S.r.l. ist ein seit 1999 nach internationalem Standard zertifiziertes Unternehmen: UNI EN ISO 9001:2015 nr. 1549 UNI EN ISO 9001:2015 nr. IT132759\u00a0 Dieses prestigetr\u00e4chtige Ergebnis, das dank des st\u00e4ndigen Engagements aller Unternehmensleiter erzielt wurde, erm\u00f6glicht es &hellip; <a class=\"kt-excerpt-readmore\" href=\"https:\/\/www.filtomatic.com\/de\/zertifizierung\/\" aria-label=\"Zertifizierung\">Weiterlesen<\/a><\/p>\n","protected":false},"author":1,"featured_media":0,"parent":0,"menu_order":0,"comment_status":"closed","ping_status":"closed","template":"","meta":{"kt_blocks_editor_width":"","_kad_blocks_custom_css":"","_kad_blocks_head_custom_js":"","_kad_blocks_body_custom_js":"","_kad_blocks_footer_custom_js":"","footnotes":""},"class_list":["post-2418","page","type-page","status-publish","hentry"],"yoast_head":"<!-- This site is optimized with the Yoast SEO plugin v26.9 - https:\/\/yoast.com\/product\/yoast-seo-wordpress\/ -->\n<title>Zertifizierung - Filtomatic Fasteners Srl<\/title>\n<meta name=\"robots\" content=\"index, follow, max-snippet:-1, max-image-preview:large, max-video-preview:-1\" \/>\n<link rel=\"canonical\" href=\"https:\/\/www.filtomatic.com\/de\/zertifizierung\/\" \/>\n<meta property=\"og:locale\" content=\"de_DE\" \/>\n<meta property=\"og:type\" content=\"article\" \/>\n<meta property=\"og:title\" content=\"Zertifizierung - Filtomatic Fasteners Srl\" \/>\n<meta property=\"og:description\" content=\"Filtomatic und Zertifizierungen:Filtomatic Fasteners S.r.l. ist ein seit 1999 nach internationalem Standard zertifiziertes Unternehmen: UNI EN ISO 9001:2015 nr. 1549 UNI EN ISO 9001:2015 nr. IT132759\u00a0 Dieses prestigetr\u00e4chtige Ergebnis, das dank des st\u00e4ndigen Engagements aller Unternehmensleiter erzielt wurde, erm\u00f6glicht es &hellip; Weiterlesen\" \/>\n<meta property=\"og:url\" content=\"https:\/\/www.filtomatic.com\/de\/zertifizierung\/\" \/>\n<meta property=\"og:site_name\" content=\"Filtomatic Fasteners Srl\" \/>\n<meta property=\"article:modified_time\" content=\"2026-02-06T16:10:56+00:00\" \/>\n<meta property=\"og:image\" content=\"https:\/\/www.filtomatic.com\/wp-content\/uploads\/2025\/04\/IQNET.png\" \/>\n\t<meta property=\"og:image:width\" content=\"841\" \/>\n\t<meta property=\"og:image:height\" content=\"841\" \/>\n\t<meta property=\"og:image:type\" content=\"image\/png\" \/>\n<meta name=\"twitter:card\" content=\"summary_large_image\" \/>\n<meta name=\"twitter:label1\" content=\"Est. reading time\" \/>\n\t<meta name=\"twitter:data1\" content=\"2 minutes\" \/>\n<script type=\"application\/ld+json\" class=\"yoast-schema-graph\">{\"@context\":\"https:\/\/schema.org\",\"@graph\":[{\"@type\":\"WebPage\",\"@id\":\"https:\/\/www.filtomatic.com\/de\/zertifizierung\/\",\"url\":\"https:\/\/www.filtomatic.com\/de\/zertifizierung\/\",\"name\":\"Zertifizierung - Filtomatic Fasteners Srl\",\"isPartOf\":{\"@id\":\"https:\/\/www.filtomatic.com\/#website\"},\"primaryImageOfPage\":{\"@id\":\"https:\/\/www.filtomatic.com\/de\/zertifizierung\/#primaryimage\"},\"image\":{\"@id\":\"https:\/\/www.filtomatic.com\/de\/zertifizierung\/#primaryimage\"},\"thumbnailUrl\":\"https:\/\/www.filtomatic.com\/wp-content\/uploads\/2025\/04\/IQNET-500x500.png\",\"datePublished\":\"2020-09-23T09:39:40+00:00\",\"dateModified\":\"2026-02-06T16:10:56+00:00\",\"breadcrumb\":{\"@id\":\"https:\/\/www.filtomatic.com\/de\/zertifizierung\/#breadcrumb\"},\"inLanguage\":\"de-DE\",\"potentialAction\":[{\"@type\":\"ReadAction\",\"target\":[\"https:\/\/www.filtomatic.com\/de\/zertifizierung\/\"]}]},{\"@type\":\"ImageObject\",\"inLanguage\":\"de-DE\",\"@id\":\"https:\/\/www.filtomatic.com\/de\/zertifizierung\/#primaryimage\",\"url\":\"https:\/\/www.filtomatic.com\/wp-content\/uploads\/2025\/04\/IQNET-500x500.png\",\"contentUrl\":\"https:\/\/www.filtomatic.com\/wp-content\/uploads\/2025\/04\/IQNET-500x500.png\"},{\"@type\":\"BreadcrumbList\",\"@id\":\"https:\/\/www.filtomatic.com\/de\/zertifizierung\/#breadcrumb\",\"itemListElement\":[{\"@type\":\"ListItem\",\"position\":1,\"name\":\"Home\",\"item\":\"https:\/\/www.filtomatic.com\/de\/\"},{\"@type\":\"ListItem\",\"position\":2,\"name\":\"Zertifizierung\"}]},{\"@type\":\"WebSite\",\"@id\":\"https:\/\/www.filtomatic.com\/#website\",\"url\":\"https:\/\/www.filtomatic.com\/\",\"name\":\"Filtomatic\",\"description\":\"\",\"publisher\":{\"@id\":\"https:\/\/www.filtomatic.com\/#organization\"},\"potentialAction\":[{\"@type\":\"SearchAction\",\"target\":{\"@type\":\"EntryPoint\",\"urlTemplate\":\"https:\/\/www.filtomatic.com\/?s={search_term_string}\"},\"query-input\":{\"@type\":\"PropertyValueSpecification\",\"valueRequired\":true,\"valueName\":\"search_term_string\"}}],\"inLanguage\":\"de-DE\"},{\"@type\":\"Organization\",\"@id\":\"https:\/\/www.filtomatic.com\/#organization\",\"name\":\"Filtomatic Fasteners Srl\",\"url\":\"https:\/\/www.filtomatic.com\/\",\"logo\":{\"@type\":\"ImageObject\",\"inLanguage\":\"de-DE\",\"@id\":\"https:\/\/www.filtomatic.com\/#\/schema\/logo\/image\/\",\"url\":\"https:\/\/www.filtomatic.com\/wp-content\/uploads\/2020\/02\/filtomatic-logo.png\",\"contentUrl\":\"https:\/\/www.filtomatic.com\/wp-content\/uploads\/2020\/02\/filtomatic-logo.png\",\"width\":409,\"height\":151,\"caption\":\"Filtomatic Fasteners Srl\"},\"image\":{\"@id\":\"https:\/\/www.filtomatic.com\/#\/schema\/logo\/image\/\"}}]}<\/script>\n<!-- \/ Yoast SEO plugin. -->","yoast_head_json":{"title":"Zertifizierung - Filtomatic Fasteners Srl","robots":{"index":"index","follow":"follow","max-snippet":"max-snippet:-1","max-image-preview":"max-image-preview:large","max-video-preview":"max-video-preview:-1"},"canonical":"https:\/\/www.filtomatic.com\/de\/zertifizierung\/","og_locale":"de_DE","og_type":"article","og_title":"Zertifizierung - Filtomatic Fasteners Srl","og_description":"Filtomatic und Zertifizierungen:Filtomatic Fasteners S.r.l. ist ein seit 1999 nach internationalem Standard zertifiziertes Unternehmen: UNI EN ISO 9001:2015 nr. 1549 UNI EN ISO 9001:2015 nr. IT132759\u00a0 Dieses prestigetr\u00e4chtige Ergebnis, das dank des st\u00e4ndigen Engagements aller Unternehmensleiter erzielt wurde, erm\u00f6glicht es &hellip; Weiterlesen","og_url":"https:\/\/www.filtomatic.com\/de\/zertifizierung\/","og_site_name":"Filtomatic Fasteners Srl","article_modified_time":"2026-02-06T16:10:56+00:00","og_image":[{"width":841,"height":841,"url":"https:\/\/www.filtomatic.com\/wp-content\/uploads\/2025\/04\/IQNET.png","type":"image\/png"}],"twitter_card":"summary_large_image","twitter_misc":{"Est. reading time":"2 minutes"},"schema":{"@context":"https:\/\/schema.org","@graph":[{"@type":"WebPage","@id":"https:\/\/www.filtomatic.com\/de\/zertifizierung\/","url":"https:\/\/www.filtomatic.com\/de\/zertifizierung\/","name":"Zertifizierung - Filtomatic Fasteners Srl","isPartOf":{"@id":"https:\/\/www.filtomatic.com\/#website"},"primaryImageOfPage":{"@id":"https:\/\/www.filtomatic.com\/de\/zertifizierung\/#primaryimage"},"image":{"@id":"https:\/\/www.filtomatic.com\/de\/zertifizierung\/#primaryimage"},"thumbnailUrl":"https:\/\/www.filtomatic.com\/wp-content\/uploads\/2025\/04\/IQNET-500x500.png","datePublished":"2020-09-23T09:39:40+00:00","dateModified":"2026-02-06T16:10:56+00:00","breadcrumb":{"@id":"https:\/\/www.filtomatic.com\/de\/zertifizierung\/#breadcrumb"},"inLanguage":"de-DE","potentialAction":[{"@type":"ReadAction","target":["https:\/\/www.filtomatic.com\/de\/zertifizierung\/"]}]},{"@type":"ImageObject","inLanguage":"de-DE","@id":"https:\/\/www.filtomatic.com\/de\/zertifizierung\/#primaryimage","url":"https:\/\/www.filtomatic.com\/wp-content\/uploads\/2025\/04\/IQNET-500x500.png","contentUrl":"https:\/\/www.filtomatic.com\/wp-content\/uploads\/2025\/04\/IQNET-500x500.png"},{"@type":"BreadcrumbList","@id":"https:\/\/www.filtomatic.com\/de\/zertifizierung\/#breadcrumb","itemListElement":[{"@type":"ListItem","position":1,"name":"Home","item":"https:\/\/www.filtomatic.com\/de\/"},{"@type":"ListItem","position":2,"name":"Zertifizierung"}]},{"@type":"WebSite","@id":"https:\/\/www.filtomatic.com\/#website","url":"https:\/\/www.filtomatic.com\/","name":"Filtomatic","description":"","publisher":{"@id":"https:\/\/www.filtomatic.com\/#organization"},"potentialAction":[{"@type":"SearchAction","target":{"@type":"EntryPoint","urlTemplate":"https:\/\/www.filtomatic.com\/?s={search_term_string}"},"query-input":{"@type":"PropertyValueSpecification","valueRequired":true,"valueName":"search_term_string"}}],"inLanguage":"de-DE"},{"@type":"Organization","@id":"https:\/\/www.filtomatic.com\/#organization","name":"Filtomatic Fasteners Srl","url":"https:\/\/www.filtomatic.com\/","logo":{"@type":"ImageObject","inLanguage":"de-DE","@id":"https:\/\/www.filtomatic.com\/#\/schema\/logo\/image\/","url":"https:\/\/www.filtomatic.com\/wp-content\/uploads\/2020\/02\/filtomatic-logo.png","contentUrl":"https:\/\/www.filtomatic.com\/wp-content\/uploads\/2020\/02\/filtomatic-logo.png","width":409,"height":151,"caption":"Filtomatic Fasteners Srl"},"image":{"@id":"https:\/\/www.filtomatic.com\/#\/schema\/logo\/image\/"}}]}},"taxonomy_info":[],"featured_image_src_large":false,"author_info":{"display_name":"3s-volo","author_link":"https:\/\/www.filtomatic.com\/de\/author\/3s-volo\/"},"comment_info":0,"_links":{"self":[{"href":"https:\/\/www.filtomatic.com\/de\/wp-json\/wp\/v2\/pages\/2418","targetHints":{"allow":["GET"]}}],"collection":[{"href":"https:\/\/www.filtomatic.com\/de\/wp-json\/wp\/v2\/pages"}],"about":[{"href":"https:\/\/www.filtomatic.com\/de\/wp-json\/wp\/v2\/types\/page"}],"author":[{"embeddable":true,"href":"https:\/\/www.filtomatic.com\/de\/wp-json\/wp\/v2\/users\/1"}],"replies":[{"embeddable":true,"href":"https:\/\/www.filtomatic.com\/de\/wp-json\/wp\/v2\/comments?post=2418"}],"version-history":[{"count":10,"href":"https:\/\/www.filtomatic.com\/de\/wp-json\/wp\/v2\/pages\/2418\/revisions"}],"predecessor-version":[{"id":3244,"href":"https:\/\/www.filtomatic.com\/de\/wp-json\/wp\/v2\/pages\/2418\/revisions\/3244"}],"wp:attachment":[{"href":"https:\/\/www.filtomatic.com\/de\/wp-json\/wp\/v2\/media?parent=2418"}],"curies":[{"name":"wp","href":"https:\/\/api.w.org\/{rel}","templated":true}]}}