{"id":2375,"date":"2020-09-23T10:50:36","date_gmt":"2020-09-23T08:50:36","guid":{"rendered":"https:\/\/www.filtomatic.com\/?page_id=2375"},"modified":"2020-09-23T10:50:38","modified_gmt":"2020-09-23T08:50:38","slug":"coils-baender-und-bleche","status":"publish","type":"page","link":"https:\/\/www.filtomatic.com\/de\/lieferprogramm\/coils-baender-und-bleche\/","title":{"rendered":"Coils, B\u00e4nder und Bleche"},"content":{"rendered":"\n<div class=\"wp-block-columns is-layout-flex wp-container-core-columns-is-layout-9d6595d7 wp-block-columns-is-layout-flex\">\n<div class=\"wp-block-column is-layout-flow wp-block-column-is-layout-flow\" style=\"flex-basis:30%\">\n<figure class=\"wp-block-image size-large nomargin nopadding\"><img loading=\"lazy\" decoding=\"async\" width=\"800\" height=\"530\" src=\"https:\/\/www.filtomatic.com\/wp-content\/uploads\/2020\/02\/acciaio2.jpg\" alt=\"Materia prima Lastre acciaio\" class=\"wp-image-1585\" srcset=\"https:\/\/www.filtomatic.com\/wp-content\/uploads\/2020\/02\/acciaio2.jpg 800w, https:\/\/www.filtomatic.com\/wp-content\/uploads\/2020\/02\/acciaio2-300x199.jpg 300w, https:\/\/www.filtomatic.com\/wp-content\/uploads\/2020\/02\/acciaio2-768x509.jpg 768w, https:\/\/www.filtomatic.com\/wp-content\/uploads\/2020\/02\/acciaio2-732x484.jpg 732w, https:\/\/www.filtomatic.com\/wp-content\/uploads\/2020\/02\/acciaio2-366x242.jpg 366w, https:\/\/www.filtomatic.com\/wp-content\/uploads\/2020\/02\/acciaio2-560x371.jpg 560w, https:\/\/www.filtomatic.com\/wp-content\/uploads\/2020\/02\/acciaio2-538x356.jpg 538w, https:\/\/www.filtomatic.com\/wp-content\/uploads\/2020\/02\/acciaio2-269x178.jpg 269w, https:\/\/www.filtomatic.com\/wp-content\/uploads\/2020\/02\/acciaio2-520x344.jpg 520w, https:\/\/www.filtomatic.com\/wp-content\/uploads\/2020\/02\/acciaio2-260x172.jpg 260w\" sizes=\"auto, (max-width: 800px) 100vw, 800px\" \/><\/figure>\n\n\n\n<figure class=\"wp-block-image size-full nomargin nopadding\"><img loading=\"lazy\" decoding=\"async\" width=\"992\" height=\"659\" src=\"https:\/\/www.filtomatic.com\/wp-content\/uploads\/2020\/02\/stampaggio.jpg\" alt=\"Materia prima in Rotoli\" class=\"wp-image-1570\" srcset=\"https:\/\/www.filtomatic.com\/wp-content\/uploads\/2020\/02\/stampaggio.jpg 992w, https:\/\/www.filtomatic.com\/wp-content\/uploads\/2020\/02\/stampaggio-300x199.jpg 300w, https:\/\/www.filtomatic.com\/wp-content\/uploads\/2020\/02\/stampaggio-768x510.jpg 768w, https:\/\/www.filtomatic.com\/wp-content\/uploads\/2020\/02\/stampaggio-732x486.jpg 732w, https:\/\/www.filtomatic.com\/wp-content\/uploads\/2020\/02\/stampaggio-366x243.jpg 366w\" sizes=\"auto, (max-width: 992px) 100vw, 992px\" \/><\/figure>\n<\/div>\n\n\n\n<div class=\"wp-block-column is-layout-flow wp-block-column-is-layout-flow\" style=\"flex-basis:70%\">\n<div class=\"wp-block-spacer\" style=\"height: 26px;\" aria-hidden=\"true\">&nbsp;<\/div>\n\n\n\n<p>Dank der st\u00e4ndigen Verbraucherh\u00f6hung von Edelstahl und Sonderlegierungen (sieh unten), um die Fertigung der Scheiben, wovon Filtomatic seit 50 Jahren weltweit Bezugspunkt\u00a0 f\u00fcr alle Verwender und H\u00e4ndler von qualitativ hochwertige fasteners ist, ist die Firma ein guter Kunde von den meisten europ\u00e4ischen Stahlwerken, mit denen sie j\u00e4hrliche Planungen vereinbart hat, damit sie die Kontinuit\u00e4t der Lieferungen sowohl f\u00fcr die innere Produktion als auch f\u00fcr den Vertrieb von B\u00e4ndern, Blechen und Blechstreifen garantieren kann. \u00a0\u00a0<\/p>\n\n\n\n<p>Das Vormaterial, das normalerweise am Lager ist, ist das folgende:<\/p>\n\n\n\n<ul class=\"wp-block-list\"><li>ferritischer Stahl (1.4016, 1.4021, 1.4512, 1.4509 usw.);<\/li><li>austenitischer Stahl (1.4301, 1.4307, 1.4310 \u2013 AISI 301, 1.4541- AISI 321 usw.),<\/li><li>austenitischer Stahl mit M\u00f6lybden (1.4401, 1.4404, 1.4435, 1.4432, 1.4436, 1.4571 usw.),<\/li><li>Sonderlegierungen:<ul><li>duplex W.N.&nbsp;1.4462 \u2013 SAF 2205 \u2013 UNS S 31803 \u2013 F51;<\/li><\/ul><ul><li>W.N. 1.4529 \u2013 Alloy 926;<\/li><\/ul><ul><li>W.N&nbsp;1.4539 \u2013 AISI 904L;<\/li><\/ul><ul><li>Hastelloy C276;<\/li><\/ul><ul><li>Monell 400;<\/li><\/ul><ul><li>Superduplex W.N 1.4410 \u2013 UNS S32750 \u2013 F53;<\/li><\/ul><ul><li>Superduplex W.N. 1.4501 \u2013 UNS S32760 \u2013 F55;<\/li><\/ul><ul><li>Titanium gr.2 \u2013 gr.5<\/li><\/ul><\/li><\/ul>\n\n\n\n<p>Das Material kann in Rollen und\/oder in laminierten Blechfolien nach den Bed\u00fcrfnissen der Kunden.<\/p>\n\n\n\n<p>Die Endbearbeitungen k\u00f6nnen verschieden sein und z. B.: BA, 2B, Scotch Brite, geb\u00fcrstet, mit PVC, falls notwendig, von mittlerer Klebekraft, hellblau oder wei\u00df\/schwarz, von verschiedenem Fl\u00e4chengewicht und auf den B\u00e4ndern oder auf den Blechen nach den Bed\u00fcrfnissen der Kunden.<\/p>\n\n\n\n<p>F\u00fcr alle Lieferungen von B\u00e4ndern, Blechstreifen und Blechen kann Filtomatic das originelle Zeugnis des Stahlwerkes oder das Zeugnis der chemischen Zusammensetzung (und wenn notwendig auch der mechanischen Merkmale) liefern , die Filtomatic selbst dank ihren zertifizierten Instrumenten, die regelm\u00e4\u00dfig von zertifizierten Laboren gepr\u00fcft werden, erstellen kann. \u00a0<\/p>\n\n\n\n<div class=\"wp-block-kadence-advancedbtn kt-btn-align-center kt-btn-tablet-align-inherit kt-btn-mobile-align-inherit kt-btns-wrap kt-btns_4943d3-ce\">\n<div class=\"kt-btn-wrap kt-btn-wrap-0\"><a class=\"kt-button button kt-btn-0-action kt-btn-size-standard kt-btn-style-basic kt-btn-svg-show-always kt-btn-has-text-true kt-btn-has-svg-true\" style=\"border-width: 0px;\" href=\"https:\/\/www.filtomatic.com\/wp-content\/uploads\/2020\/02\/Tabella-materia-prima.pdf\"><span class=\"kt-btn-inner-text\">Datenblatt herunterladen<\/span><\/a>\n<div class=\"kt-btn-svg-icon kt-btn-svg-icon-fas_download kt-btn-side-right\" style=\"display: inline-flex; justify-content: center; align-items: center;\">&nbsp;<\/div>\n<\/div>\n<\/div>\n<\/div>\n<\/div>\n","protected":false},"excerpt":{"rendered":"<p>&nbsp; Dank der st\u00e4ndigen Verbraucherh\u00f6hung von Edelstahl und Sonderlegierungen (sieh unten), um die Fertigung der Scheiben, wovon Filtomatic seit 50 Jahren weltweit Bezugspunkt\u00a0 f\u00fcr alle Verwender und H\u00e4ndler von qualitativ hochwertige fasteners ist, ist die Firma ein guter Kunde von &hellip; <a class=\"kt-excerpt-readmore\" href=\"https:\/\/www.filtomatic.com\/de\/lieferprogramm\/coils-baender-und-bleche\/\" aria-label=\"Coils, B\u00e4nder und Bleche\">Weiterlesen<\/a><\/p>\n","protected":false},"author":1,"featured_media":2377,"parent":2382,"menu_order":0,"comment_status":"closed","ping_status":"closed","template":"","meta":{"kt_blocks_editor_width":"","_kad_blocks_custom_css":"","_kad_blocks_head_custom_js":"","_kad_blocks_body_custom_js":"","_kad_blocks_footer_custom_js":"","footnotes":""},"class_list":["post-2375","page","type-page","status-publish","has-post-thumbnail","hentry"],"yoast_head":"<!-- This site is optimized with the Yoast SEO plugin v26.9 - https:\/\/yoast.com\/product\/yoast-seo-wordpress\/ -->\n<title>Coils, B\u00e4nder und Bleche - Filtomatic Fasteners Srl<\/title>\n<meta name=\"robots\" content=\"index, follow, max-snippet:-1, max-image-preview:large, max-video-preview:-1\" \/>\n<link rel=\"canonical\" href=\"https:\/\/www.filtomatic.com\/de\/lieferprogramm\/coils-baender-und-bleche\/\" \/>\n<meta property=\"og:locale\" content=\"de_DE\" \/>\n<meta property=\"og:type\" content=\"article\" \/>\n<meta property=\"og:title\" content=\"Coils, B\u00e4nder und Bleche - Filtomatic Fasteners Srl\" \/>\n<meta property=\"og:description\" content=\"&nbsp; Dank der st\u00e4ndigen Verbraucherh\u00f6hung von Edelstahl und Sonderlegierungen (sieh unten), um die Fertigung der Scheiben, wovon Filtomatic seit 50 Jahren weltweit Bezugspunkt\u00a0 f\u00fcr alle Verwender und H\u00e4ndler von qualitativ hochwertige fasteners ist, ist die Firma ein guter Kunde von &hellip; Weiterlesen\" \/>\n<meta property=\"og:url\" content=\"https:\/\/www.filtomatic.com\/de\/lieferprogramm\/coils-baender-und-bleche\/\" \/>\n<meta property=\"og:site_name\" content=\"Filtomatic Fasteners Srl\" \/>\n<meta property=\"article:modified_time\" content=\"2020-09-23T08:50:38+00:00\" \/>\n<meta property=\"og:image\" content=\"https:\/\/www.filtomatic.com\/wp-content\/uploads\/2020\/02\/acciaio2.jpg\" \/>\n\t<meta property=\"og:image:width\" content=\"800\" \/>\n\t<meta property=\"og:image:height\" content=\"530\" \/>\n\t<meta property=\"og:image:type\" content=\"image\/jpeg\" \/>\n<meta name=\"twitter:card\" content=\"summary_large_image\" \/>\n<meta name=\"twitter:label1\" content=\"Est. reading time\" \/>\n\t<meta name=\"twitter:data1\" content=\"1 minute\" \/>\n<script type=\"application\/ld+json\" class=\"yoast-schema-graph\">{\"@context\":\"https:\/\/schema.org\",\"@graph\":[{\"@type\":\"WebPage\",\"@id\":\"https:\/\/www.filtomatic.com\/de\/lieferprogramm\/coils-baender-und-bleche\/\",\"url\":\"https:\/\/www.filtomatic.com\/de\/lieferprogramm\/coils-baender-und-bleche\/\",\"name\":\"Coils, B\u00e4nder und Bleche - Filtomatic Fasteners Srl\",\"isPartOf\":{\"@id\":\"https:\/\/www.filtomatic.com\/#website\"},\"primaryImageOfPage\":{\"@id\":\"https:\/\/www.filtomatic.com\/de\/lieferprogramm\/coils-baender-und-bleche\/#primaryimage\"},\"image\":{\"@id\":\"https:\/\/www.filtomatic.com\/de\/lieferprogramm\/coils-baender-und-bleche\/#primaryimage\"},\"thumbnailUrl\":\"https:\/\/www.filtomatic.com\/wp-content\/uploads\/2020\/02\/acciaio2.jpg\",\"datePublished\":\"2020-09-23T08:50:36+00:00\",\"dateModified\":\"2020-09-23T08:50:38+00:00\",\"breadcrumb\":{\"@id\":\"https:\/\/www.filtomatic.com\/de\/lieferprogramm\/coils-baender-und-bleche\/#breadcrumb\"},\"inLanguage\":\"de-DE\",\"potentialAction\":[{\"@type\":\"ReadAction\",\"target\":[\"https:\/\/www.filtomatic.com\/de\/lieferprogramm\/coils-baender-und-bleche\/\"]}]},{\"@type\":\"ImageObject\",\"inLanguage\":\"de-DE\",\"@id\":\"https:\/\/www.filtomatic.com\/de\/lieferprogramm\/coils-baender-und-bleche\/#primaryimage\",\"url\":\"https:\/\/www.filtomatic.com\/wp-content\/uploads\/2020\/02\/acciaio2.jpg\",\"contentUrl\":\"https:\/\/www.filtomatic.com\/wp-content\/uploads\/2020\/02\/acciaio2.jpg\",\"width\":800,\"height\":530},{\"@type\":\"BreadcrumbList\",\"@id\":\"https:\/\/www.filtomatic.com\/de\/lieferprogramm\/coils-baender-und-bleche\/#breadcrumb\",\"itemListElement\":[{\"@type\":\"ListItem\",\"position\":1,\"name\":\"Home\",\"item\":\"https:\/\/www.filtomatic.com\/de\/\"},{\"@type\":\"ListItem\",\"position\":2,\"name\":\"Lieferprogramm\",\"item\":\"https:\/\/www.filtomatic.com\/de\/lieferprogramm\/\"},{\"@type\":\"ListItem\",\"position\":3,\"name\":\"Coils, B\u00e4nder und Bleche\"}]},{\"@type\":\"WebSite\",\"@id\":\"https:\/\/www.filtomatic.com\/#website\",\"url\":\"https:\/\/www.filtomatic.com\/\",\"name\":\"Filtomatic\",\"description\":\"\",\"publisher\":{\"@id\":\"https:\/\/www.filtomatic.com\/#organization\"},\"potentialAction\":[{\"@type\":\"SearchAction\",\"target\":{\"@type\":\"EntryPoint\",\"urlTemplate\":\"https:\/\/www.filtomatic.com\/?s={search_term_string}\"},\"query-input\":{\"@type\":\"PropertyValueSpecification\",\"valueRequired\":true,\"valueName\":\"search_term_string\"}}],\"inLanguage\":\"de-DE\"},{\"@type\":\"Organization\",\"@id\":\"https:\/\/www.filtomatic.com\/#organization\",\"name\":\"Filtomatic Fasteners Srl\",\"url\":\"https:\/\/www.filtomatic.com\/\",\"logo\":{\"@type\":\"ImageObject\",\"inLanguage\":\"de-DE\",\"@id\":\"https:\/\/www.filtomatic.com\/#\/schema\/logo\/image\/\",\"url\":\"https:\/\/www.filtomatic.com\/wp-content\/uploads\/2020\/02\/filtomatic-logo.png\",\"contentUrl\":\"https:\/\/www.filtomatic.com\/wp-content\/uploads\/2020\/02\/filtomatic-logo.png\",\"width\":409,\"height\":151,\"caption\":\"Filtomatic Fasteners Srl\"},\"image\":{\"@id\":\"https:\/\/www.filtomatic.com\/#\/schema\/logo\/image\/\"}}]}<\/script>\n<!-- \/ Yoast SEO plugin. -->","yoast_head_json":{"title":"Coils, B\u00e4nder und Bleche - Filtomatic Fasteners Srl","robots":{"index":"index","follow":"follow","max-snippet":"max-snippet:-1","max-image-preview":"max-image-preview:large","max-video-preview":"max-video-preview:-1"},"canonical":"https:\/\/www.filtomatic.com\/de\/lieferprogramm\/coils-baender-und-bleche\/","og_locale":"de_DE","og_type":"article","og_title":"Coils, B\u00e4nder und Bleche - Filtomatic Fasteners Srl","og_description":"&nbsp; Dank der st\u00e4ndigen Verbraucherh\u00f6hung von Edelstahl und Sonderlegierungen (sieh unten), um die Fertigung der Scheiben, wovon Filtomatic seit 50 Jahren weltweit Bezugspunkt\u00a0 f\u00fcr alle Verwender und H\u00e4ndler von qualitativ hochwertige fasteners ist, ist die Firma ein guter Kunde von &hellip; Weiterlesen","og_url":"https:\/\/www.filtomatic.com\/de\/lieferprogramm\/coils-baender-und-bleche\/","og_site_name":"Filtomatic Fasteners Srl","article_modified_time":"2020-09-23T08:50:38+00:00","og_image":[{"width":800,"height":530,"url":"https:\/\/www.filtomatic.com\/wp-content\/uploads\/2020\/02\/acciaio2.jpg","type":"image\/jpeg"}],"twitter_card":"summary_large_image","twitter_misc":{"Est. reading time":"1 minute"},"schema":{"@context":"https:\/\/schema.org","@graph":[{"@type":"WebPage","@id":"https:\/\/www.filtomatic.com\/de\/lieferprogramm\/coils-baender-und-bleche\/","url":"https:\/\/www.filtomatic.com\/de\/lieferprogramm\/coils-baender-und-bleche\/","name":"Coils, B\u00e4nder und Bleche - Filtomatic Fasteners Srl","isPartOf":{"@id":"https:\/\/www.filtomatic.com\/#website"},"primaryImageOfPage":{"@id":"https:\/\/www.filtomatic.com\/de\/lieferprogramm\/coils-baender-und-bleche\/#primaryimage"},"image":{"@id":"https:\/\/www.filtomatic.com\/de\/lieferprogramm\/coils-baender-und-bleche\/#primaryimage"},"thumbnailUrl":"https:\/\/www.filtomatic.com\/wp-content\/uploads\/2020\/02\/acciaio2.jpg","datePublished":"2020-09-23T08:50:36+00:00","dateModified":"2020-09-23T08:50:38+00:00","breadcrumb":{"@id":"https:\/\/www.filtomatic.com\/de\/lieferprogramm\/coils-baender-und-bleche\/#breadcrumb"},"inLanguage":"de-DE","potentialAction":[{"@type":"ReadAction","target":["https:\/\/www.filtomatic.com\/de\/lieferprogramm\/coils-baender-und-bleche\/"]}]},{"@type":"ImageObject","inLanguage":"de-DE","@id":"https:\/\/www.filtomatic.com\/de\/lieferprogramm\/coils-baender-und-bleche\/#primaryimage","url":"https:\/\/www.filtomatic.com\/wp-content\/uploads\/2020\/02\/acciaio2.jpg","contentUrl":"https:\/\/www.filtomatic.com\/wp-content\/uploads\/2020\/02\/acciaio2.jpg","width":800,"height":530},{"@type":"BreadcrumbList","@id":"https:\/\/www.filtomatic.com\/de\/lieferprogramm\/coils-baender-und-bleche\/#breadcrumb","itemListElement":[{"@type":"ListItem","position":1,"name":"Home","item":"https:\/\/www.filtomatic.com\/de\/"},{"@type":"ListItem","position":2,"name":"Lieferprogramm","item":"https:\/\/www.filtomatic.com\/de\/lieferprogramm\/"},{"@type":"ListItem","position":3,"name":"Coils, B\u00e4nder und Bleche"}]},{"@type":"WebSite","@id":"https:\/\/www.filtomatic.com\/#website","url":"https:\/\/www.filtomatic.com\/","name":"Filtomatic","description":"","publisher":{"@id":"https:\/\/www.filtomatic.com\/#organization"},"potentialAction":[{"@type":"SearchAction","target":{"@type":"EntryPoint","urlTemplate":"https:\/\/www.filtomatic.com\/?s={search_term_string}"},"query-input":{"@type":"PropertyValueSpecification","valueRequired":true,"valueName":"search_term_string"}}],"inLanguage":"de-DE"},{"@type":"Organization","@id":"https:\/\/www.filtomatic.com\/#organization","name":"Filtomatic Fasteners Srl","url":"https:\/\/www.filtomatic.com\/","logo":{"@type":"ImageObject","inLanguage":"de-DE","@id":"https:\/\/www.filtomatic.com\/#\/schema\/logo\/image\/","url":"https:\/\/www.filtomatic.com\/wp-content\/uploads\/2020\/02\/filtomatic-logo.png","contentUrl":"https:\/\/www.filtomatic.com\/wp-content\/uploads\/2020\/02\/filtomatic-logo.png","width":409,"height":151,"caption":"Filtomatic Fasteners Srl"},"image":{"@id":"https:\/\/www.filtomatic.com\/#\/schema\/logo\/image\/"}}]}},"taxonomy_info":[],"featured_image_src_large":["https:\/\/www.filtomatic.com\/wp-content\/uploads\/2020\/02\/acciaio2.jpg",800,530,false],"author_info":{"display_name":"3s-volo","author_link":"https:\/\/www.filtomatic.com\/de\/author\/3s-volo\/"},"comment_info":0,"_links":{"self":[{"href":"https:\/\/www.filtomatic.com\/de\/wp-json\/wp\/v2\/pages\/2375","targetHints":{"allow":["GET"]}}],"collection":[{"href":"https:\/\/www.filtomatic.com\/de\/wp-json\/wp\/v2\/pages"}],"about":[{"href":"https:\/\/www.filtomatic.com\/de\/wp-json\/wp\/v2\/types\/page"}],"author":[{"embeddable":true,"href":"https:\/\/www.filtomatic.com\/de\/wp-json\/wp\/v2\/users\/1"}],"replies":[{"embeddable":true,"href":"https:\/\/www.filtomatic.com\/de\/wp-json\/wp\/v2\/comments?post=2375"}],"version-history":[{"count":1,"href":"https:\/\/www.filtomatic.com\/de\/wp-json\/wp\/v2\/pages\/2375\/revisions"}],"predecessor-version":[{"id":2376,"href":"https:\/\/www.filtomatic.com\/de\/wp-json\/wp\/v2\/pages\/2375\/revisions\/2376"}],"up":[{"embeddable":true,"href":"https:\/\/www.filtomatic.com\/de\/wp-json\/wp\/v2\/pages\/2382"}],"wp:featuredmedia":[{"embeddable":true,"href":"https:\/\/www.filtomatic.com\/de\/wp-json\/wp\/v2\/media\/2377"}],"wp:attachment":[{"href":"https:\/\/www.filtomatic.com\/de\/wp-json\/wp\/v2\/media?parent=2375"}],"curies":[{"name":"wp","href":"https:\/\/api.w.org\/{rel}","templated":true}]}}